{"id":1294,"date":"2022-01-24T22:08:34","date_gmt":"2022-01-24T21:08:34","guid":{"rendered":"https:\/\/www.bohr-saegeservice-eggersdorfer.de\/?page_id=1294"},"modified":"2022-01-26T13:30:54","modified_gmt":"2022-01-26T12:30:54","slug":"abbrucharbeiten","status":"publish","type":"page","link":"https:\/\/www.bohr-saegeservice-eggersdorfer.de\/?page_id=1294","title":{"rendered":"Abbrucharbeiten"},"content":{"rendered":"<div data-colibri-id=\"1294-c1\" class=\"style-1034 style-local-1294-c1 position-relative\">\n  <!---->\n  <div data-colibri-component=\"section\" data-colibri-id=\"1294-c2\" id=\"about\" class=\"h-section h-section-global-spacing d-flex align-items-lg-center align-items-md-center align-items-center style-1035 style-local-1294-c2 position-relative\">\n    <!---->\n    <!---->\n    <div class=\"h-section-grid-container h-section-fluid-container\">\n      <!---->\n      <div data-colibri-id=\"1294-c3\" class=\"h-row-container gutters-row-lg-0 gutters-row-md-0 gutters-row-0 gutters-row-v-lg-0 gutters-row-v-md-0 gutters-row-v-0 style-1036 style-local-1294-c3 position-relative\">\n        <!---->\n        <div class=\"h-row justify-content-lg-center justify-content-md-center justify-content-center align-items-lg-stretch align-items-md-stretch align-items-stretch gutters-col-lg-0 gutters-col-md-0 gutters-col-0 gutters-col-v-lg-0 gutters-col-v-md-0 gutters-col-v-0\">\n          <!---->\n          <div class=\"h-column h-column-container d-flex h-col-lg-auto h-col-md-auto h-col-auto style-1037-outer style-local-1294-c4-outer\">\n            <div data-colibri-id=\"1294-c4\" class=\"d-flex h-flex-basis h-column__inner h-px-lg-0 h-px-md-0 h-px-0 v-inner-lg-0 v-inner-md-0 v-inner-0 style-1037 style-local-1294-c4 position-relative\">\n              <!---->\n              <!---->\n              <div class=\"w-100 h-y-container h-column__content h-column__v-align flex-basis-100 align-self-lg-start align-self-md-start align-self-start\">\n                <!---->\n                <div data-colibri-id=\"1294-c5\" class=\"h-global-transition-all h-heading style-1038 style-local-1294-c5 position-relative h-element\">\n                  <!---->\n                  <div class=\"h-heading__outer style-1038 style-local-1294-c5\">\n                    <!---->\n                    <!---->\n                    <h2 class=\"\">Abbrucharbeiten<\/h2>\n                  <\/div>\n                <\/div>\n                <div data-colibri-id=\"1294-c6\" class=\"h-text h-text-component style-1040 style-local-1294-c6 position-relative h-element\">\n                  <!---->\n                  <!---->\n                  <div class=\"\">\n                    <p><span style=\"font-weight: 400; font-size: 16px; font-family: &quot;Open Sans&quot;; color: rgb(153, 153, 153);\">Wir sind Ihr Profi, wenn es umAbbrucharbeiten f\u00fcr den Innenraum oder Au\u00dfenbereich geht.<\/span><\/p>\n                    <p><span style=\"font-weight: 400; font-size: 16px; font-family: &quot;Open Sans&quot;; color: rgb(153, 153, 153);\">Im Innenbereich k\u00fcmmern wir uns um das Abreisen von<\/span>\n                      <br><span style=\"font-weight: 600;\">Nichtragenden W\u00e4nden<br>Tragenden W\u00e4nden mit Einbau von Stahltr\u00e4gern oder St\u00fctzen<br>Estrichabbruch<br>Treppenabbruch<\/span>\n                      <br>&#8230;<\/p>\n                    <p>Im Au\u00dfenbereich:&nbsp;\n                      <br><span style=\"font-weight: 600;\">Balkone<br>Terassen<br>Bodenplatten<br>Stb-Decken<br>&#8230;<\/span><\/p>\n                    <p><span style=\"font-weight: 600;\"><br>Auch der Abtransport des Anfallenden Bauschutts erfogt bei uns aus eigener Hand<\/span><\/p>\n                    <p>\n                      <br>\n                    <\/p>\n                    <p>\n                      <br>\n                    <\/p>\n                  <\/div>\n                <\/div>\n              <\/div>\n            <\/div>\n          <\/div>\n          <div class=\"h-column h-column-container d-flex h-col-lg-auto h-col-md-auto h-col-auto style-1041-outer style-local-1294-c7-outer\">\n            <div data-colibri-id=\"1294-c7\" class=\"d-flex h-flex-basis h-column__inner h-ui-empty-state-container h-px-lg-2 h-px-md-2 h-px-2 v-inner-lg-2 v-inner-md-2 v-inner-2 style-1041 style-local-1294-c7 position-relative\">\n              <!---->\n              <!---->\n              <div class=\"w-100 h-y-container h-column__content h-column__v-align flex-basis-100\">\n                <!---->\n              <\/div>\n            <\/div>\n          <\/div>\n        <\/div>\n      <\/div>\n    <\/div>\n  <\/div>\n  <div data-colibri-component=\"section\" data-colibri-id=\"1294-c8\" id=\"photo-gallery\" class=\"h-section h-section-global-spacing d-flex align-items-lg-center align-items-md-center align-items-center style-1042 style-local-1294-c8 position-relative\">\n    <!---->\n    <!---->\n    <div class=\"h-section-grid-container h-section-boxed-container\">\n      <div data-colibri-id=\"1294-c12\" class=\"h-row-container gutters-row-lg-2 gutters-row-md-2 gutters-row-2 gutters-row-v-lg-2 gutters-row-v-md-2 gutters-row-v-2 style-1046 style-local-1294-c12 position-relative\">\n        <!---->\n        <div class=\"h-row justify-content-lg-center justify-content-md-center justify-content-center align-items-lg-stretch align-items-md-stretch align-items-stretch gutters-col-lg-2 gutters-col-md-2 gutters-col-2 gutters-col-v-lg-2 gutters-col-v-md-2 gutters-col-v-2\">\n          <!---->\n          <div class=\"h-column h-column-container d-flex h-col-lg-auto h-col-md-auto h-col-auto style-1047-outer style-local-1294-c13-outer\">\n            <div data-colibri-id=\"1294-c13\" class=\"d-flex h-flex-basis h-column__inner h-px-lg-2 h-px-md-2 h-px-2 v-inner-lg-2 v-inner-md-2 v-inner-2 style-1047 style-local-1294-c13 position-relative\">\n              <!---->\n              <!---->\n              <div class=\"w-100 h-y-container h-column__content h-column__v-align flex-basis-100 align-self-lg-start align-self-md-start align-self-start\">\n                <!---->\n                <div data-colibri-id=\"1294-c14\" class=\"h-global-transition-all h-heading style-1048 style-local-1294-c14 position-relative h-element\">\n                  <!---->\n                  <div class=\"h-heading__outer style-1048 style-local-1294-c14\">\n                    <!---->\n                    <!---->\n                    <h2 class=\"\">Unsere Abbrucharbeiten<\/h2>\n                  <\/div>\n                <\/div>\n              <\/div>\n            <\/div>\n          <\/div>\n        <\/div>\n      <\/div>\n      <div data-colibri-id=\"1294-c9\" class=\"h-row-container gutters-row-lg-2 gutters-row-md-2 gutters-row-2 gutters-row-v-lg-2 gutters-row-v-md-2 gutters-row-v-2 style-1043 style-local-1294-c9 position-relative\">\n        <!---->\n        <div class=\"h-row justify-content-lg-center justify-content-md-center justify-content-center align-items-lg-stretch align-items-md-stretch align-items-stretch gutters-col-lg-2 gutters-col-md-2 gutters-col-2 gutters-col-v-lg-2 gutters-col-v-md-2 gutters-col-v-2\">\n          <!---->\n          <div class=\"h-column h-column-container d-flex h-col-lg-auto h-col-md-auto h-col-auto style-1044-outer style-local-1294-c10-outer\">\n            <div data-colibri-id=\"1294-c10\" class=\"d-flex h-flex-basis h-column__inner h-px-lg-2 h-px-md-2 h-px-2 v-inner-lg-2 v-inner-md-2 v-inner-2 style-1044 style-local-1294-c10 position-relative\">\n              <!---->\n              <!---->\n              <div class=\"w-100 h-y-container h-column__content h-column__v-align flex-basis-100 align-self-lg-start align-self-md-start align-self-start\">\n                <!---->\n                <div data-colibri-component=\"masonry\" data-colibri-id=\"1294-c11\" class=\"h-photo-gallery margin-none caption-none style-1045 style-local-1294-c11 position-relative h-element\">\n                  <!---->\n                  <div class=\"h-global-transition-all caption-wrapper-full\"><div id='colibri-1294-c11' class='gallery-wrapper'>    <style type=\"text\/css\">\n\n        @media (min-width: 1023px) {        #colibri-1294-c11        dl {\n            float: left;\n            width: 25% !important;\n            max-width: 25% !important;\n            min-width: 25% !important;\n        }\n\n        #colibri-1294-c11        dl:nth-of-type(4n +1 ) {\n            clear: both;\n        }\n\n        }@media (min-width: 768px) and (max-width: 1023px) {        #colibri-1294-c11        dl {\n            float: left;\n            width: 25% !important;\n            max-width: 25% !important;\n            min-width: 25% !important;\n        }\n\n        #colibri-1294-c11        dl:nth-of-type(4n +1 ) {\n            clear: both;\n        }\n\n        }@media (max-width: 767px) {        #colibri-1294-c11        dl {\n            float: left;\n            width: 50% !important;\n            max-width: 50% !important;\n            min-width: 50% !important;\n        }\n\n        #colibri-1294-c11        dl:nth-of-type(2n +1 ) {\n            clear: both;\n        }\n\n        }\n        #colibri-1294-c11        .gallery-item {\n            position: relative;\n        }\n\n        \n    <\/style>\n    <div   class='colibri-1294-c11-dls-wrapper gallery-items-wrapper' ><dl class='gallery-item masonry-item'>\n\t\t\t<dt class='gallery-icon portrait'>\n\t\t\t\t<a data-fancybox=\"colibri-1294-c11-group\" href='https:\/\/www.bohr-saegeservice-eggersdorfer.de\/wp-content\/uploads\/2022\/01\/Abbrucharbeiten2.jpeg'><img loading=\"lazy\" decoding=\"async\"  width=\"768\" height=\"1024\" src=\"https:\/\/www.bohr-saegeservice-eggersdorfer.de\/wp-content\/uploads\/2022\/01\/Abbrucharbeiten2.jpeg\"  class='colibri-1294-c11-image' alt=\"\" srcset=\"https:\/\/www.bohr-saegeservice-eggersdorfer.de\/wp-content\/uploads\/2022\/01\/Abbrucharbeiten2.jpeg 768w, https:\/\/www.bohr-saegeservice-eggersdorfer.de\/wp-content\/uploads\/2022\/01\/Abbrucharbeiten2-225x300.jpeg 225w\" sizes=\"auto, (max-width: 768px) 100vw, 768px\" \/><\/a>\n\t\t\t<\/dt><\/dl><dl class='gallery-item masonry-item'>\n\t\t\t<dt class='gallery-icon portrait'>\n\t\t\t\t<a data-fancybox=\"colibri-1294-c11-group\" href='https:\/\/www.bohr-saegeservice-eggersdorfer.de\/wp-content\/uploads\/2022\/01\/Abbrucharbeiten3.jpeg'><img loading=\"lazy\" decoding=\"async\"  width=\"768\" height=\"1024\" src=\"https:\/\/www.bohr-saegeservice-eggersdorfer.de\/wp-content\/uploads\/2022\/01\/Abbrucharbeiten3.jpeg\"  class='colibri-1294-c11-image' alt=\"\" srcset=\"https:\/\/www.bohr-saegeservice-eggersdorfer.de\/wp-content\/uploads\/2022\/01\/Abbrucharbeiten3.jpeg 768w, https:\/\/www.bohr-saegeservice-eggersdorfer.de\/wp-content\/uploads\/2022\/01\/Abbrucharbeiten3-225x300.jpeg 225w\" sizes=\"auto, (max-width: 768px) 100vw, 768px\" \/><\/a>\n\t\t\t<\/dt><\/dl><dl class='gallery-item masonry-item'>\n\t\t\t<dt class='gallery-icon portrait'>\n\t\t\t\t<a data-fancybox=\"colibri-1294-c11-group\" href='https:\/\/www.bohr-saegeservice-eggersdorfer.de\/wp-content\/uploads\/2022\/01\/Abbrucharbeiten4.jpeg'><img loading=\"lazy\" decoding=\"async\"  width=\"768\" height=\"1024\" src=\"https:\/\/www.bohr-saegeservice-eggersdorfer.de\/wp-content\/uploads\/2022\/01\/Abbrucharbeiten4.jpeg\"  class='colibri-1294-c11-image' alt=\"\" srcset=\"https:\/\/www.bohr-saegeservice-eggersdorfer.de\/wp-content\/uploads\/2022\/01\/Abbrucharbeiten4.jpeg 768w, https:\/\/www.bohr-saegeservice-eggersdorfer.de\/wp-content\/uploads\/2022\/01\/Abbrucharbeiten4-225x300.jpeg 225w\" sizes=\"auto, (max-width: 768px) 100vw, 768px\" \/><\/a>\n\t\t\t<\/dt><\/dl><dl class='gallery-item masonry-item'>\n\t\t\t<dt class='gallery-icon portrait'>\n\t\t\t\t<a data-fancybox=\"colibri-1294-c11-group\" href='https:\/\/www.bohr-saegeservice-eggersdorfer.de\/wp-content\/uploads\/2022\/01\/Abbrucharbeiten5.jpeg'><img loading=\"lazy\" decoding=\"async\"  width=\"768\" height=\"1024\" src=\"https:\/\/www.bohr-saegeservice-eggersdorfer.de\/wp-content\/uploads\/2022\/01\/Abbrucharbeiten5.jpeg\"  class='colibri-1294-c11-image' alt=\"\" srcset=\"https:\/\/www.bohr-saegeservice-eggersdorfer.de\/wp-content\/uploads\/2022\/01\/Abbrucharbeiten5.jpeg 768w, https:\/\/www.bohr-saegeservice-eggersdorfer.de\/wp-content\/uploads\/2022\/01\/Abbrucharbeiten5-225x300.jpeg 225w\" sizes=\"auto, (max-width: 768px) 100vw, 768px\" \/><\/a>\n\t\t\t<\/dt><\/dl><dl class='gallery-item masonry-item'>\n\t\t\t<dt class='gallery-icon portrait'>\n\t\t\t\t<a data-fancybox=\"colibri-1294-c11-group\" href='https:\/\/www.bohr-saegeservice-eggersdorfer.de\/wp-content\/uploads\/2022\/01\/Abbrucharbeiten6.jpeg'><img loading=\"lazy\" decoding=\"async\"  width=\"768\" height=\"1024\" src=\"https:\/\/www.bohr-saegeservice-eggersdorfer.de\/wp-content\/uploads\/2022\/01\/Abbrucharbeiten6.jpeg\"  class='colibri-1294-c11-image' alt=\"\" srcset=\"https:\/\/www.bohr-saegeservice-eggersdorfer.de\/wp-content\/uploads\/2022\/01\/Abbrucharbeiten6.jpeg 768w, https:\/\/www.bohr-saegeservice-eggersdorfer.de\/wp-content\/uploads\/2022\/01\/Abbrucharbeiten6-225x300.jpeg 225w\" sizes=\"auto, (max-width: 768px) 100vw, 768px\" \/><\/a>\n\t\t\t<\/dt><\/dl><dl class='gallery-item masonry-item'>\n\t\t\t<dt class='gallery-icon portrait'>\n\t\t\t\t<a data-fancybox=\"colibri-1294-c11-group\" href='https:\/\/www.bohr-saegeservice-eggersdorfer.de\/wp-content\/uploads\/2022\/01\/Abbrucharbeiten7.jpeg'><img loading=\"lazy\" decoding=\"async\"  width=\"768\" height=\"1024\" src=\"https:\/\/www.bohr-saegeservice-eggersdorfer.de\/wp-content\/uploads\/2022\/01\/Abbrucharbeiten7.jpeg\"  class='colibri-1294-c11-image' alt=\"\" srcset=\"https:\/\/www.bohr-saegeservice-eggersdorfer.de\/wp-content\/uploads\/2022\/01\/Abbrucharbeiten7.jpeg 768w, https:\/\/www.bohr-saegeservice-eggersdorfer.de\/wp-content\/uploads\/2022\/01\/Abbrucharbeiten7-225x300.jpeg 225w\" sizes=\"auto, (max-width: 768px) 100vw, 768px\" \/><\/a>\n\t\t\t<\/dt><\/dl><dl class='gallery-item masonry-item'>\n\t\t\t<dt class='gallery-icon landscape'>\n\t\t\t\t<a data-fancybox=\"colibri-1294-c11-group\" href='https:\/\/www.bohr-saegeservice-eggersdorfer.de\/wp-content\/uploads\/2022\/01\/Abbrucharbeiten-01.jpeg'><img loading=\"lazy\" decoding=\"async\"  width=\"1024\" height=\"768\" src=\"https:\/\/www.bohr-saegeservice-eggersdorfer.de\/wp-content\/uploads\/2022\/01\/Abbrucharbeiten-01.jpeg\"  class='colibri-1294-c11-image' alt=\"\" srcset=\"https:\/\/www.bohr-saegeservice-eggersdorfer.de\/wp-content\/uploads\/2022\/01\/Abbrucharbeiten-01.jpeg 1024w, https:\/\/www.bohr-saegeservice-eggersdorfer.de\/wp-content\/uploads\/2022\/01\/Abbrucharbeiten-01-300x225.jpeg 300w, https:\/\/www.bohr-saegeservice-eggersdorfer.de\/wp-content\/uploads\/2022\/01\/Abbrucharbeiten-01-768x576.jpeg 768w\" sizes=\"auto, (max-width: 1024px) 100vw, 1024px\" \/><\/a>\n\t\t\t<\/dt><\/dl>\n\t\t\t\n\t\t<\/div>\n<style>#colibri-1294-c11 .wp-caption-text.gallery-caption{display:none;}<\/style><\/div><\/div>\n                <\/div>\n              <\/div>\n            <\/div>\n          <\/div>\n        <\/div>\n      <\/div>\n    <\/div>\n  <\/div>\n<\/div>","protected":false},"excerpt":{"rendered":"<p>Abbrucharbeiten Wir sind Ihr Profi, wenn es umAbbrucharbeiten f\u00fcr den Innenraum oder Au\u00dfenbereich geht. Im Innenbereich k\u00fcmmern wir uns um das Abreisen von Nichtragenden W\u00e4ndenTragenden W\u00e4nden mit Einbau von Stahltr\u00e4gern oder St\u00fctzenEstrichabbruchTreppenabbruch &#8230; Im Au\u00dfenbereich:&nbsp; BalkoneTerassenBodenplattenStb-Decken&#8230; Auch der Abtransport des Anfallenden Bauschutts erfogt bei uns aus eigener Hand Unsere Abbrucharbeiten<\/p>\n","protected":false},"author":1,"featured_media":0,"parent":0,"menu_order":0,"comment_status":"closed","ping_status":"closed","template":"page-templates\/full-width-page.php","meta":{"inline_featured_image":false,"footnotes":""},"class_list":["post-1294","page","type-page","status-publish","hentry"],"yoast_head":"<!-- This site is optimized with the Yoast SEO plugin v26.9 - https:\/\/yoast.com\/product\/yoast-seo-wordpress\/ -->\n<title>Abbrucharbeiten - Bohr Saegeservice Eggersdorfer<\/title>\n<meta name=\"robots\" content=\"index, follow, max-snippet:-1, max-image-preview:large, max-video-preview:-1\" \/>\n<link rel=\"canonical\" href=\"https:\/\/www.bohr-saegeservice-eggersdorfer.de\/?page_id=1294\" \/>\n<meta property=\"og:locale\" content=\"de_DE\" \/>\n<meta property=\"og:type\" content=\"article\" \/>\n<meta property=\"og:title\" content=\"Abbrucharbeiten - Bohr Saegeservice Eggersdorfer\" \/>\n<meta property=\"og:description\" content=\"Abbrucharbeiten Wir sind Ihr Profi, wenn es umAbbrucharbeiten f\u00fcr den Innenraum oder Au\u00dfenbereich geht. Im Innenbereich k\u00fcmmern wir uns um das Abreisen von Nichtragenden W\u00e4ndenTragenden W\u00e4nden mit Einbau von Stahltr\u00e4gern oder St\u00fctzenEstrichabbruchTreppenabbruch &#8230; Im Au\u00dfenbereich:&nbsp; BalkoneTerassenBodenplattenStb-Decken&#8230; Auch der Abtransport des Anfallenden Bauschutts erfogt bei uns aus eigener Hand Unsere Abbrucharbeiten\" \/>\n<meta property=\"og:url\" content=\"https:\/\/www.bohr-saegeservice-eggersdorfer.de\/?page_id=1294\" \/>\n<meta property=\"og:site_name\" content=\"Bohr Saegeservice Eggersdorfer\" \/>\n<meta property=\"article:modified_time\" content=\"2022-01-26T12:30:54+00:00\" \/>\n<meta name=\"twitter:card\" content=\"summary_large_image\" \/>\n<script type=\"application\/ld+json\" class=\"yoast-schema-graph\">{\"@context\":\"https:\/\/schema.org\",\"@graph\":[{\"@type\":\"WebPage\",\"@id\":\"https:\/\/www.bohr-saegeservice-eggersdorfer.de\/?page_id=1294\",\"url\":\"https:\/\/www.bohr-saegeservice-eggersdorfer.de\/?page_id=1294\",\"name\":\"Abbrucharbeiten - Bohr Saegeservice Eggersdorfer\",\"isPartOf\":{\"@id\":\"https:\/\/www.bohr-saegeservice-eggersdorfer.de\/#website\"},\"datePublished\":\"2022-01-24T21:08:34+00:00\",\"dateModified\":\"2022-01-26T12:30:54+00:00\",\"breadcrumb\":{\"@id\":\"https:\/\/www.bohr-saegeservice-eggersdorfer.de\/?page_id=1294#breadcrumb\"},\"inLanguage\":\"de\",\"potentialAction\":[{\"@type\":\"ReadAction\",\"target\":[\"https:\/\/www.bohr-saegeservice-eggersdorfer.de\/?page_id=1294\"]}]},{\"@type\":\"BreadcrumbList\",\"@id\":\"https:\/\/www.bohr-saegeservice-eggersdorfer.de\/?page_id=1294#breadcrumb\",\"itemListElement\":[{\"@type\":\"ListItem\",\"position\":1,\"name\":\"Start\",\"item\":\"https:\/\/www.bohr-saegeservice-eggersdorfer.de\/\"},{\"@type\":\"ListItem\",\"position\":2,\"name\":\"Abbrucharbeiten\"}]},{\"@type\":\"WebSite\",\"@id\":\"https:\/\/www.bohr-saegeservice-eggersdorfer.de\/#website\",\"url\":\"https:\/\/www.bohr-saegeservice-eggersdorfer.de\/\",\"name\":\"Bohr Saegeservice Eggersdorfer\",\"description\":\"\",\"publisher\":{\"@id\":\"https:\/\/www.bohr-saegeservice-eggersdorfer.de\/#organization\"},\"potentialAction\":[{\"@type\":\"SearchAction\",\"target\":{\"@type\":\"EntryPoint\",\"urlTemplate\":\"https:\/\/www.bohr-saegeservice-eggersdorfer.de\/?s={search_term_string}\"},\"query-input\":{\"@type\":\"PropertyValueSpecification\",\"valueRequired\":true,\"valueName\":\"search_term_string\"}}],\"inLanguage\":\"de\"},{\"@type\":\"Organization\",\"@id\":\"https:\/\/www.bohr-saegeservice-eggersdorfer.de\/#organization\",\"name\":\"Bohr Saegeservice Eggersdorfer\",\"url\":\"https:\/\/www.bohr-saegeservice-eggersdorfer.de\/\",\"logo\":{\"@type\":\"ImageObject\",\"inLanguage\":\"de\",\"@id\":\"https:\/\/www.bohr-saegeservice-eggersdorfer.de\/#\/schema\/logo\/image\/\",\"url\":\"https:\/\/www.bohr-saegeservice-eggersdorfer.de\/wp-content\/uploads\/2020\/08\/cropped-logo_eggersdorfer.png\",\"contentUrl\":\"https:\/\/www.bohr-saegeservice-eggersdorfer.de\/wp-content\/uploads\/2020\/08\/cropped-logo_eggersdorfer.png\",\"width\":806,\"height\":156,\"caption\":\"Bohr Saegeservice Eggersdorfer\"},\"image\":{\"@id\":\"https:\/\/www.bohr-saegeservice-eggersdorfer.de\/#\/schema\/logo\/image\/\"}}]}<\/script>\n<!-- \/ Yoast SEO plugin. -->","yoast_head_json":{"title":"Abbrucharbeiten - Bohr Saegeservice Eggersdorfer","robots":{"index":"index","follow":"follow","max-snippet":"max-snippet:-1","max-image-preview":"max-image-preview:large","max-video-preview":"max-video-preview:-1"},"canonical":"https:\/\/www.bohr-saegeservice-eggersdorfer.de\/?page_id=1294","og_locale":"de_DE","og_type":"article","og_title":"Abbrucharbeiten - Bohr Saegeservice Eggersdorfer","og_description":"Abbrucharbeiten Wir sind Ihr Profi, wenn es umAbbrucharbeiten f\u00fcr den Innenraum oder Au\u00dfenbereich geht. Im Innenbereich k\u00fcmmern wir uns um das Abreisen von Nichtragenden W\u00e4ndenTragenden W\u00e4nden mit Einbau von Stahltr\u00e4gern oder St\u00fctzenEstrichabbruchTreppenabbruch &#8230; Im Au\u00dfenbereich:&nbsp; BalkoneTerassenBodenplattenStb-Decken&#8230; Auch der Abtransport des Anfallenden Bauschutts erfogt bei uns aus eigener Hand Unsere Abbrucharbeiten","og_url":"https:\/\/www.bohr-saegeservice-eggersdorfer.de\/?page_id=1294","og_site_name":"Bohr Saegeservice Eggersdorfer","article_modified_time":"2022-01-26T12:30:54+00:00","twitter_card":"summary_large_image","schema":{"@context":"https:\/\/schema.org","@graph":[{"@type":"WebPage","@id":"https:\/\/www.bohr-saegeservice-eggersdorfer.de\/?page_id=1294","url":"https:\/\/www.bohr-saegeservice-eggersdorfer.de\/?page_id=1294","name":"Abbrucharbeiten - Bohr Saegeservice Eggersdorfer","isPartOf":{"@id":"https:\/\/www.bohr-saegeservice-eggersdorfer.de\/#website"},"datePublished":"2022-01-24T21:08:34+00:00","dateModified":"2022-01-26T12:30:54+00:00","breadcrumb":{"@id":"https:\/\/www.bohr-saegeservice-eggersdorfer.de\/?page_id=1294#breadcrumb"},"inLanguage":"de","potentialAction":[{"@type":"ReadAction","target":["https:\/\/www.bohr-saegeservice-eggersdorfer.de\/?page_id=1294"]}]},{"@type":"BreadcrumbList","@id":"https:\/\/www.bohr-saegeservice-eggersdorfer.de\/?page_id=1294#breadcrumb","itemListElement":[{"@type":"ListItem","position":1,"name":"Start","item":"https:\/\/www.bohr-saegeservice-eggersdorfer.de\/"},{"@type":"ListItem","position":2,"name":"Abbrucharbeiten"}]},{"@type":"WebSite","@id":"https:\/\/www.bohr-saegeservice-eggersdorfer.de\/#website","url":"https:\/\/www.bohr-saegeservice-eggersdorfer.de\/","name":"Bohr Saegeservice Eggersdorfer","description":"","publisher":{"@id":"https:\/\/www.bohr-saegeservice-eggersdorfer.de\/#organization"},"potentialAction":[{"@type":"SearchAction","target":{"@type":"EntryPoint","urlTemplate":"https:\/\/www.bohr-saegeservice-eggersdorfer.de\/?s={search_term_string}"},"query-input":{"@type":"PropertyValueSpecification","valueRequired":true,"valueName":"search_term_string"}}],"inLanguage":"de"},{"@type":"Organization","@id":"https:\/\/www.bohr-saegeservice-eggersdorfer.de\/#organization","name":"Bohr Saegeservice Eggersdorfer","url":"https:\/\/www.bohr-saegeservice-eggersdorfer.de\/","logo":{"@type":"ImageObject","inLanguage":"de","@id":"https:\/\/www.bohr-saegeservice-eggersdorfer.de\/#\/schema\/logo\/image\/","url":"https:\/\/www.bohr-saegeservice-eggersdorfer.de\/wp-content\/uploads\/2020\/08\/cropped-logo_eggersdorfer.png","contentUrl":"https:\/\/www.bohr-saegeservice-eggersdorfer.de\/wp-content\/uploads\/2020\/08\/cropped-logo_eggersdorfer.png","width":806,"height":156,"caption":"Bohr Saegeservice Eggersdorfer"},"image":{"@id":"https:\/\/www.bohr-saegeservice-eggersdorfer.de\/#\/schema\/logo\/image\/"}}]}},"_links":{"self":[{"href":"https:\/\/www.bohr-saegeservice-eggersdorfer.de\/index.php?rest_route=\/wp\/v2\/pages\/1294","targetHints":{"allow":["GET"]}}],"collection":[{"href":"https:\/\/www.bohr-saegeservice-eggersdorfer.de\/index.php?rest_route=\/wp\/v2\/pages"}],"about":[{"href":"https:\/\/www.bohr-saegeservice-eggersdorfer.de\/index.php?rest_route=\/wp\/v2\/types\/page"}],"author":[{"embeddable":true,"href":"https:\/\/www.bohr-saegeservice-eggersdorfer.de\/index.php?rest_route=\/wp\/v2\/users\/1"}],"replies":[{"embeddable":true,"href":"https:\/\/www.bohr-saegeservice-eggersdorfer.de\/index.php?rest_route=%2Fwp%2Fv2%2Fcomments&post=1294"}],"version-history":[{"count":5,"href":"https:\/\/www.bohr-saegeservice-eggersdorfer.de\/index.php?rest_route=\/wp\/v2\/pages\/1294\/revisions"}],"predecessor-version":[{"id":1364,"href":"https:\/\/www.bohr-saegeservice-eggersdorfer.de\/index.php?rest_route=\/wp\/v2\/pages\/1294\/revisions\/1364"}],"wp:attachment":[{"href":"https:\/\/www.bohr-saegeservice-eggersdorfer.de\/index.php?rest_route=%2Fwp%2Fv2%2Fmedia&parent=1294"}],"curies":[{"name":"wp","href":"https:\/\/api.w.org\/{rel}","templated":true}]}}